{"id":140,"date":"2019-03-27T08:49:41","date_gmt":"2019-03-27T08:49:41","guid":{"rendered":"https:\/\/jalongestiondeportiva.com\/?page_id=140"},"modified":"2019-03-27T12:32:43","modified_gmt":"2019-03-27T12:32:43","slug":"novedades","status":"publish","type":"page","link":"https:\/\/jalongestiondeportiva.com\/index.php\/novedades\/","title":{"rendered":"Novedades"},"content":{"rendered":"\t\t<div data-elementor-type=\"wp-post\" data-elementor-id=\"140\" class=\"elementor elementor-140\" data-elementor-post-type=\"page\">\n\t\t\t\t\t\t<section class=\"elementor-section elementor-top-section elementor-element elementor-element-806a0ca elementor-section-boxed elementor-section-height-default elementor-section-height-default\" data-id=\"806a0ca\" data-element_type=\"section\" data-e-type=\"section\">\n\t\t\t\t\t\t<div class=\"elementor-container elementor-column-gap-default\">\n\t\t\t\t\t<div class=\"elementor-column elementor-col-100 elementor-top-column elementor-element elementor-element-0c2c381\" data-id=\"0c2c381\" data-element_type=\"column\" data-e-type=\"column\">\n\t\t\t<div class=\"elementor-widget-wrap elementor-element-populated\">\n\t\t\t\t\t\t<div class=\"elementor-element elementor-element-9a92440 elementor-widget elementor-widget-menu-anchor\" data-id=\"9a92440\" data-element_type=\"widget\" data-e-type=\"widget\" data-widget_type=\"menu-anchor.default\">\n\t\t\t\t<div class=\"elementor-widget-container\">\n\t\t\t\t\t\t\t<div class=\"elementor-menu-anchor\" id=\"campo-hinchable\"><\/div>\n\t\t\t\t\t\t<\/div>\n\t\t\t\t<\/div>\n\t\t\t\t<div class=\"elementor-element elementor-element-91c88c3 elementor-widget elementor-widget-text-editor\" data-id=\"91c88c3\" data-element_type=\"widget\" data-e-type=\"widget\" data-widget_type=\"text-editor.default\">\n\t\t\t\t<div class=\"elementor-widget-container\">\n\t\t\t\t\t\t\t\t\t<h2><strong>Campo de F\u00fatbol Hinchable<\/strong><\/h2><div class=\"vc_row wpb_row vc_row-fluid vc_row-o-equal-height vc_row-flex\" data-vc-full-width=\"true\" data-vc-full-width-init=\"false\" data-vc-stretch-content=\"true\"><div class=\"wpb_column vc_column_container vc_col-sm-6\"><div class=\"vc_column-inner vc_custom_1487075306214\"><div class=\"wpb_wrapper\"><div class=\"wpb_text_column wpb_content_element wpb_animate_when_almost_visible wpb_fadeInRight fadeInRight\"><div class=\"wpb_wrapper\"><p>Excelente actividad divertid\u00edsima para los amantes de este deporte.<\/p><p>2 equipos se enfrentaran con el objetivo de meter gol en un campo un tanto peculiar: se juega en un campo hinchable de 14 metros x 7 metros, cerrado por todos los lados, sobre suelo blando que amortigua y que se puede resbalar y saltar sin riesgo de hacerse da\u00f1o.<\/p><p>Apto para todas las edades.<\/p><\/div><\/div><\/div><\/div><\/div><\/div>\t\t\t\t\t\t\t\t<\/div>\n\t\t\t\t<\/div>\n\t\t\t\t\t<\/div>\n\t\t<\/div>\n\t\t\t\t\t<\/div>\n\t\t<\/section>\n\t\t\t\t<section class=\"elementor-section elementor-top-section elementor-element elementor-element-43b8a2e elementor-section-boxed elementor-section-height-default elementor-section-height-default\" data-id=\"43b8a2e\" data-element_type=\"section\" data-e-type=\"section\">\n\t\t\t\t\t\t<div class=\"elementor-container elementor-column-gap-default\">\n\t\t\t\t\t<div class=\"elementor-column elementor-col-100 elementor-top-column elementor-element elementor-element-a6e5c96\" data-id=\"a6e5c96\" data-element_type=\"column\" data-e-type=\"column\">\n\t\t\t<div class=\"elementor-widget-wrap elementor-element-populated\">\n\t\t\t\t\t\t<div class=\"elementor-element elementor-element-97bc4fe elementor-widget elementor-widget-menu-anchor\" data-id=\"97bc4fe\" data-element_type=\"widget\" data-e-type=\"widget\" data-widget_type=\"menu-anchor.default\">\n\t\t\t\t<div class=\"elementor-widget-container\">\n\t\t\t\t\t\t\t<div class=\"elementor-menu-anchor\" id=\"tobogan-acuatico\"><\/div>\n\t\t\t\t\t\t<\/div>\n\t\t\t\t<\/div>\n\t\t\t\t<div class=\"elementor-element elementor-element-efc0fe1 elementor-widget elementor-widget-text-editor\" data-id=\"efc0fe1\" data-element_type=\"widget\" data-e-type=\"widget\" data-widget_type=\"text-editor.default\">\n\t\t\t\t<div class=\"elementor-widget-container\">\n\t\t\t\t\t\t\t\t\t<h2><strong>Super Tobog\u00e1n Acu\u00e1tico<\/strong><\/h2><p>Es ideal para que disfruten en tu localidad de una gran experiencia durante este verano. La actividad de moda en todos los pueblos.<\/p><p>Pueden participar personas de todas las edades, sintiendo la experiencia de deslizarse con su flotador en este fant\u00e1stico parque de atracciones acu\u00e1tico.<\/p><p>El servicio tiene las siguientes caracter\u00edsticas:<\/p><ul><li>50 metros de longitud<\/li><li>Tiene 2,5 metros de ancho aprox.<\/li><li>Se incluye una zona tipo piscina de 7\u00d74 metros, al final para la recepci\u00f3n de los participantes.<\/li><li>Disponemos de una formaci\u00f3n de monitores especializados al cargo durante toda la atracci\u00f3n.<\/li><li>Flotadores.<\/li><li>Animaci\u00f3n musical con equipos de sonido profesionales.<\/li><li>Contamos con un seguro de R.C. espec\u00edfico<\/li><li>Duraci\u00f3n m\u00ednima de 2 horas (ampliable)<\/li><li>Posibilidad de ca\u00f1\u00f3n de espuma<\/li><\/ul><p>Y s\u00f3lo necesitas:<\/p><ul><li>Una calle larga, sin obst\u00e1culos y con pendiente<\/li><li>Una toma de agua<\/li><li>Una conexi\u00f3n el\u00e9ctrica<\/li><li>Que en tu pueblo haya muchas ganas de divertirse<\/li><\/ul>\t\t\t\t\t\t\t\t<\/div>\n\t\t\t\t<\/div>\n\t\t\t\t\t<\/div>\n\t\t<\/div>\n\t\t\t\t\t<\/div>\n\t\t<\/section>\n\t\t\t\t<section class=\"elementor-section elementor-top-section elementor-element elementor-element-b679a70 elementor-section-boxed elementor-section-height-default elementor-section-height-default\" data-id=\"b679a70\" data-element_type=\"section\" data-e-type=\"section\">\n\t\t\t\t\t\t<div class=\"elementor-container elementor-column-gap-default\">\n\t\t\t\t\t<div class=\"elementor-column elementor-col-100 elementor-top-column elementor-element elementor-element-dbdef0e\" data-id=\"dbdef0e\" data-element_type=\"column\" data-e-type=\"column\">\n\t\t\t<div class=\"elementor-widget-wrap elementor-element-populated\">\n\t\t\t\t\t\t<div class=\"elementor-element elementor-element-f80a5ce elementor-widget elementor-widget-menu-anchor\" data-id=\"f80a5ce\" data-element_type=\"widget\" data-e-type=\"widget\" data-widget_type=\"menu-anchor.default\">\n\t\t\t\t<div class=\"elementor-widget-container\">\n\t\t\t\t\t\t\t<div class=\"elementor-menu-anchor\" id=\"juegos-deportivos\"><\/div>\n\t\t\t\t\t\t<\/div>\n\t\t\t\t<\/div>\n\t\t\t\t<div class=\"elementor-element elementor-element-cb45994 elementor-widget elementor-widget-text-editor\" data-id=\"cb45994\" data-element_type=\"widget\" data-e-type=\"widget\" data-widget_type=\"text-editor.default\">\n\t\t\t\t<div class=\"elementor-widget-container\">\n\t\t\t\t\t\t\t\t\t<div class=\"vc_row wpb_row vc_row-fluid vc_row-o-equal-height vc_row-flex\" data-vc-full-width=\"true\" data-vc-full-width-init=\"false\" data-vc-stretch-content=\"true\"><div class=\"wpb_column vc_column_container vc_col-sm-6\"><div class=\"vc_column-inner vc_custom_1487075328107\"><div class=\"wpb_wrapper\"><div class=\"wpb_text_column wpb_content_element  wpb_animate_when_almost_visible wpb_fadeInRight fadeInRight\"><div class=\"wpb_wrapper\"><h2><strong>Actividades XXL<\/strong><\/h2><p>Actividad multidisciplinar en la que los participantes podr\u00e1n disfrutar de varios deportes con hinchables gigantes diferentes en un mismo espacio delimitado en varios campos de juego para la ocasi\u00f3n.<\/p><p>Incluyen actividades deportivas y competitivas como diana, red de volei-futvolei, pista americana de obst\u00e1culos, tiro con arco, frisbie, paraca\u00eddas, porter\u00eda gigante para penaltis de futbol, etc.<\/p><p>Todo amenizado por m\u00fasica y dirigido por monitores especializados.<\/p><p>Apto para todas las edades<\/p><\/div><\/div><\/div><\/div><\/div><\/div>\t\t\t\t\t\t\t\t<\/div>\n\t\t\t\t<\/div>\n\t\t\t\t\t<\/div>\n\t\t<\/div>\n\t\t\t\t\t<\/div>\n\t\t<\/section>\n\t\t\t\t<\/div>\n\t\t","protected":false},"excerpt":{"rendered":"<p>Campo de F\u00fatbol Hinchable Excelente actividad divertid\u00edsima para los amantes de este deporte. 2 equipos se enfrentaran con el objetivo de meter gol en un campo un tanto peculiar: se juega en un campo hinchable de 14 metros x 7 metros, cerrado por todos los lados, sobre suelo blando que amortigua y que se puede &#8230; <a title=\"Novedades\" class=\"read-more\" href=\"https:\/\/jalongestiondeportiva.com\/index.php\/novedades\/\" aria-label=\"Leer m\u00e1s sobre Novedades\">Read more<\/a><\/p>\n","protected":false},"author":1,"featured_media":0,"parent":0,"menu_order":0,"comment_status":"closed","ping_status":"closed","template":"elementor_header_footer","meta":{"footnotes":""},"class_list":["post-140","page","type-page","status-publish"],"yoast_head":"<!-- This site is optimized with the Yoast SEO plugin v27.4 - https:\/\/yoast.com\/product\/yoast-seo-wordpress\/ -->\n<title>Novedades - Jal\u00f3n Gesti\u00f3n Deportiva<\/title>\n<meta name=\"robots\" content=\"index, follow, max-snippet:-1, max-image-preview:large, max-video-preview:-1\" \/>\n<link rel=\"canonical\" href=\"https:\/\/jalongestiondeportiva.com\/index.php\/novedades\/\" \/>\n<meta property=\"og:locale\" content=\"es_ES\" \/>\n<meta property=\"og:type\" content=\"article\" \/>\n<meta property=\"og:title\" content=\"Novedades - Jal\u00f3n Gesti\u00f3n Deportiva\" \/>\n<meta property=\"og:description\" content=\"Campo de F\u00fatbol Hinchable Excelente actividad divertid\u00edsima para los amantes de este deporte. 2 equipos se enfrentaran con el objetivo de meter gol en un campo un tanto peculiar: se juega en un campo hinchable de 14 metros x 7 metros, cerrado por todos los lados, sobre suelo blando que amortigua y que se puede ... Read more\" \/>\n<meta property=\"og:url\" content=\"https:\/\/jalongestiondeportiva.com\/index.php\/novedades\/\" \/>\n<meta property=\"og:site_name\" content=\"Jal\u00f3n Gesti\u00f3n Deportiva\" \/>\n<meta property=\"article:modified_time\" content=\"2019-03-27T12:32:43+00:00\" \/>\n<meta name=\"twitter:card\" content=\"summary_large_image\" \/>\n<meta name=\"twitter:label1\" content=\"Tiempo de lectura\" \/>\n\t<meta name=\"twitter:data1\" content=\"1 minuto\" \/>\n<script type=\"application\/ld+json\" class=\"yoast-schema-graph\">{\"@context\":\"https:\\\/\\\/schema.org\",\"@graph\":[{\"@type\":\"WebPage\",\"@id\":\"https:\\\/\\\/jalongestiondeportiva.com\\\/index.php\\\/novedades\\\/\",\"url\":\"https:\\\/\\\/jalongestiondeportiva.com\\\/index.php\\\/novedades\\\/\",\"name\":\"Novedades - Jal\u00f3n Gesti\u00f3n Deportiva\",\"isPartOf\":{\"@id\":\"https:\\\/\\\/jalongestiondeportiva.com\\\/#website\"},\"datePublished\":\"2019-03-27T08:49:41+00:00\",\"dateModified\":\"2019-03-27T12:32:43+00:00\",\"breadcrumb\":{\"@id\":\"https:\\\/\\\/jalongestiondeportiva.com\\\/index.php\\\/novedades\\\/#breadcrumb\"},\"inLanguage\":\"es\",\"potentialAction\":[{\"@type\":\"ReadAction\",\"target\":[\"https:\\\/\\\/jalongestiondeportiva.com\\\/index.php\\\/novedades\\\/\"]}]},{\"@type\":\"BreadcrumbList\",\"@id\":\"https:\\\/\\\/jalongestiondeportiva.com\\\/index.php\\\/novedades\\\/#breadcrumb\",\"itemListElement\":[{\"@type\":\"ListItem\",\"position\":1,\"name\":\"Home\",\"item\":\"https:\\\/\\\/jalongestiondeportiva.com\\\/\"},{\"@type\":\"ListItem\",\"position\":2,\"name\":\"Novedades\"}]},{\"@type\":\"WebSite\",\"@id\":\"https:\\\/\\\/jalongestiondeportiva.com\\\/#website\",\"url\":\"https:\\\/\\\/jalongestiondeportiva.com\\\/\",\"name\":\"Jal\u00f3n Gesti\u00f3n Deportiva\",\"description\":\"Just another WordPress site\",\"publisher\":{\"@id\":\"https:\\\/\\\/jalongestiondeportiva.com\\\/#organization\"},\"potentialAction\":[{\"@type\":\"SearchAction\",\"target\":{\"@type\":\"EntryPoint\",\"urlTemplate\":\"https:\\\/\\\/jalongestiondeportiva.com\\\/?s={search_term_string}\"},\"query-input\":{\"@type\":\"PropertyValueSpecification\",\"valueRequired\":true,\"valueName\":\"search_term_string\"}}],\"inLanguage\":\"es\"},{\"@type\":\"Organization\",\"@id\":\"https:\\\/\\\/jalongestiondeportiva.com\\\/#organization\",\"name\":\"Jal\u00f3n Gesti\u00f3n Deportiva\",\"url\":\"https:\\\/\\\/jalongestiondeportiva.com\\\/\",\"logo\":{\"@type\":\"ImageObject\",\"inLanguage\":\"es\",\"@id\":\"https:\\\/\\\/jalongestiondeportiva.com\\\/#\\\/schema\\\/logo\\\/image\\\/\",\"url\":\"https:\\\/\\\/jalongestiondeportiva.com\\\/wp-content\\\/uploads\\\/2023\\\/02\\\/cropped-LOGO-jgd.png\",\"contentUrl\":\"https:\\\/\\\/jalongestiondeportiva.com\\\/wp-content\\\/uploads\\\/2023\\\/02\\\/cropped-LOGO-jgd.png\",\"width\":842,\"height\":538,\"caption\":\"Jal\u00f3n Gesti\u00f3n Deportiva\"},\"image\":{\"@id\":\"https:\\\/\\\/jalongestiondeportiva.com\\\/#\\\/schema\\\/logo\\\/image\\\/\"}}]}<\/script>\n<!-- \/ Yoast SEO plugin. -->","yoast_head_json":{"title":"Novedades - Jal\u00f3n Gesti\u00f3n Deportiva","robots":{"index":"index","follow":"follow","max-snippet":"max-snippet:-1","max-image-preview":"max-image-preview:large","max-video-preview":"max-video-preview:-1"},"canonical":"https:\/\/jalongestiondeportiva.com\/index.php\/novedades\/","og_locale":"es_ES","og_type":"article","og_title":"Novedades - Jal\u00f3n Gesti\u00f3n Deportiva","og_description":"Campo de F\u00fatbol Hinchable Excelente actividad divertid\u00edsima para los amantes de este deporte. 2 equipos se enfrentaran con el objetivo de meter gol en un campo un tanto peculiar: se juega en un campo hinchable de 14 metros x 7 metros, cerrado por todos los lados, sobre suelo blando que amortigua y que se puede ... Read more","og_url":"https:\/\/jalongestiondeportiva.com\/index.php\/novedades\/","og_site_name":"Jal\u00f3n Gesti\u00f3n Deportiva","article_modified_time":"2019-03-27T12:32:43+00:00","twitter_card":"summary_large_image","twitter_misc":{"Tiempo de lectura":"1 minuto"},"schema":{"@context":"https:\/\/schema.org","@graph":[{"@type":"WebPage","@id":"https:\/\/jalongestiondeportiva.com\/index.php\/novedades\/","url":"https:\/\/jalongestiondeportiva.com\/index.php\/novedades\/","name":"Novedades - Jal\u00f3n Gesti\u00f3n Deportiva","isPartOf":{"@id":"https:\/\/jalongestiondeportiva.com\/#website"},"datePublished":"2019-03-27T08:49:41+00:00","dateModified":"2019-03-27T12:32:43+00:00","breadcrumb":{"@id":"https:\/\/jalongestiondeportiva.com\/index.php\/novedades\/#breadcrumb"},"inLanguage":"es","potentialAction":[{"@type":"ReadAction","target":["https:\/\/jalongestiondeportiva.com\/index.php\/novedades\/"]}]},{"@type":"BreadcrumbList","@id":"https:\/\/jalongestiondeportiva.com\/index.php\/novedades\/#breadcrumb","itemListElement":[{"@type":"ListItem","position":1,"name":"Home","item":"https:\/\/jalongestiondeportiva.com\/"},{"@type":"ListItem","position":2,"name":"Novedades"}]},{"@type":"WebSite","@id":"https:\/\/jalongestiondeportiva.com\/#website","url":"https:\/\/jalongestiondeportiva.com\/","name":"Jal\u00f3n Gesti\u00f3n Deportiva","description":"Just another WordPress site","publisher":{"@id":"https:\/\/jalongestiondeportiva.com\/#organization"},"potentialAction":[{"@type":"SearchAction","target":{"@type":"EntryPoint","urlTemplate":"https:\/\/jalongestiondeportiva.com\/?s={search_term_string}"},"query-input":{"@type":"PropertyValueSpecification","valueRequired":true,"valueName":"search_term_string"}}],"inLanguage":"es"},{"@type":"Organization","@id":"https:\/\/jalongestiondeportiva.com\/#organization","name":"Jal\u00f3n Gesti\u00f3n Deportiva","url":"https:\/\/jalongestiondeportiva.com\/","logo":{"@type":"ImageObject","inLanguage":"es","@id":"https:\/\/jalongestiondeportiva.com\/#\/schema\/logo\/image\/","url":"https:\/\/jalongestiondeportiva.com\/wp-content\/uploads\/2023\/02\/cropped-LOGO-jgd.png","contentUrl":"https:\/\/jalongestiondeportiva.com\/wp-content\/uploads\/2023\/02\/cropped-LOGO-jgd.png","width":842,"height":538,"caption":"Jal\u00f3n Gesti\u00f3n Deportiva"},"image":{"@id":"https:\/\/jalongestiondeportiva.com\/#\/schema\/logo\/image\/"}}]}},"_links":{"self":[{"href":"https:\/\/jalongestiondeportiva.com\/index.php\/wp-json\/wp\/v2\/pages\/140","targetHints":{"allow":["GET"]}}],"collection":[{"href":"https:\/\/jalongestiondeportiva.com\/index.php\/wp-json\/wp\/v2\/pages"}],"about":[{"href":"https:\/\/jalongestiondeportiva.com\/index.php\/wp-json\/wp\/v2\/types\/page"}],"author":[{"embeddable":true,"href":"https:\/\/jalongestiondeportiva.com\/index.php\/wp-json\/wp\/v2\/users\/1"}],"replies":[{"embeddable":true,"href":"https:\/\/jalongestiondeportiva.com\/index.php\/wp-json\/wp\/v2\/comments?post=140"}],"version-history":[{"count":4,"href":"https:\/\/jalongestiondeportiva.com\/index.php\/wp-json\/wp\/v2\/pages\/140\/revisions"}],"predecessor-version":[{"id":213,"href":"https:\/\/jalongestiondeportiva.com\/index.php\/wp-json\/wp\/v2\/pages\/140\/revisions\/213"}],"wp:attachment":[{"href":"https:\/\/jalongestiondeportiva.com\/index.php\/wp-json\/wp\/v2\/media?parent=140"}],"curies":[{"name":"wp","href":"https:\/\/api.w.org\/{rel}","templated":true}]}}